{"id":40696,"date":"2021-10-28T20:50:55","date_gmt":"2021-10-28T18:50:55","guid":{"rendered":"https:\/\/endbright.se\/my-profile\/mina-uppgifter\/"},"modified":"2023-02-16T16:50:11","modified_gmt":"2023-02-16T15:50:11","slug":"my-details","status":"publish","type":"page","link":"https:\/\/endbright.se\/en\/my-profile\/my-details\/","title":{"rendered":"My details"},"content":{"rendered":"<p>[endbright_edit_account_form]<\/p>\n","protected":false},"excerpt":{"rendered":"","protected":false},"author":1,"featured_media":0,"parent":40694,"menu_order":0,"comment_status":"closed","ping_status":"closed","template":"","meta":{"_acf_changed":false,"footnotes":""},"class_list":["post-40696","page","type-page","status-publish","hentry"],"acf":[],"yoast_head":"<!-- This site is optimized with the Yoast SEO plugin v27.4 - https:\/\/yoast.com\/product\/yoast-seo-wordpress\/ -->\n<title>My details | Endbright<\/title>\n<meta name=\"description\" content=\"Logga in p\u00e5 Endbright - f\u00e5 full tillg\u00e5ng till alla v\u00e5ra tj\u00e4nster inom skilsm\u00e4ssa och separation.\" \/>\n<meta name=\"robots\" content=\"noindex, nofollow\" \/>\n<meta property=\"og:locale\" content=\"en_US\" \/>\n<meta property=\"og:type\" content=\"article\" \/>\n<meta property=\"og:title\" content=\"My details | Endbright\" \/>\n<meta property=\"og:description\" content=\"Logga in p\u00e5 Endbright - f\u00e5 full tillg\u00e5ng till alla v\u00e5ra tj\u00e4nster inom skilsm\u00e4ssa och separation.\" \/>\n<meta property=\"og:url\" content=\"https:\/\/endbright.se\/en\/my-profile\/my-details\/\" \/>\n<meta property=\"og:site_name\" content=\"Endbright\" \/>\n<meta property=\"article:publisher\" content=\"https:\/\/www.facebook.com\/endbrightservices\/\" \/>\n<meta property=\"article:modified_time\" content=\"2023-02-16T15:50:11+00:00\" \/>\n<meta name=\"twitter:card\" content=\"summary_large_image\" \/>\n<meta name=\"twitter:label1\" content=\"Est. reading time\" \/>\n\t<meta name=\"twitter:data1\" content=\"1 minute\" \/>\n<script type=\"application\/ld+json\" class=\"yoast-schema-graph\">{\"@context\":\"https:\\\/\\\/schema.org\",\"@graph\":[{\"@type\":\"WebPage\",\"@id\":\"https:\\\/\\\/endbright.se\\\/en\\\/my-profile\\\/my-details\\\/\",\"url\":\"https:\\\/\\\/endbright.se\\\/en\\\/my-profile\\\/my-details\\\/\",\"name\":\"My details | Endbright\",\"isPartOf\":{\"@id\":\"https:\\\/\\\/endbright.se\\\/en\\\/#website\"},\"datePublished\":\"2021-10-28T18:50:55+00:00\",\"dateModified\":\"2023-02-16T15:50:11+00:00\",\"description\":\"Logga in p\u00e5 Endbright - f\u00e5 full tillg\u00e5ng till alla v\u00e5ra tj\u00e4nster inom skilsm\u00e4ssa och separation.\",\"breadcrumb\":{\"@id\":\"https:\\\/\\\/endbright.se\\\/en\\\/my-profile\\\/my-details\\\/#breadcrumb\"},\"inLanguage\":\"en-US\",\"potentialAction\":[{\"@type\":\"ReadAction\",\"target\":[\"https:\\\/\\\/endbright.se\\\/en\\\/my-profile\\\/my-details\\\/\"]}]},{\"@type\":\"BreadcrumbList\",\"@id\":\"https:\\\/\\\/endbright.se\\\/en\\\/my-profile\\\/my-details\\\/#breadcrumb\",\"itemListElement\":[{\"@type\":\"ListItem\",\"position\":1,\"name\":\"Hem\",\"item\":\"https:\\\/\\\/endbright.se\\\/en\\\/\"},{\"@type\":\"ListItem\",\"position\":2,\"name\":\"My profile\",\"item\":\"https:\\\/\\\/endbright.se\\\/en\\\/my-profile\\\/\"},{\"@type\":\"ListItem\",\"position\":3,\"name\":\"My details\"}]},{\"@type\":\"WebSite\",\"@id\":\"https:\\\/\\\/endbright.se\\\/en\\\/#website\",\"url\":\"https:\\\/\\\/endbright.se\\\/en\\\/\",\"name\":\"Endbright\",\"description\":\"\",\"publisher\":{\"@id\":\"https:\\\/\\\/endbright.se\\\/en\\\/#organization\"},\"potentialAction\":[{\"@type\":\"SearchAction\",\"target\":{\"@type\":\"EntryPoint\",\"urlTemplate\":\"https:\\\/\\\/endbright.se\\\/en\\\/?s={search_term_string}\"},\"query-input\":{\"@type\":\"PropertyValueSpecification\",\"valueRequired\":true,\"valueName\":\"search_term_string\"}}],\"inLanguage\":\"en-US\"},{\"@type\":\"Organization\",\"@id\":\"https:\\\/\\\/endbright.se\\\/en\\\/#organization\",\"name\":\"Endbright\",\"url\":\"https:\\\/\\\/endbright.se\\\/en\\\/\",\"logo\":{\"@type\":\"ImageObject\",\"inLanguage\":\"en-US\",\"@id\":\"https:\\\/\\\/endbright.se\\\/en\\\/#\\\/schema\\\/logo\\\/image\\\/\",\"url\":\"\",\"contentUrl\":\"\",\"caption\":\"Endbright\"},\"image\":{\"@id\":\"https:\\\/\\\/endbright.se\\\/en\\\/#\\\/schema\\\/logo\\\/image\\\/\"},\"sameAs\":[\"https:\\\/\\\/www.facebook.com\\\/endbrightservices\\\/\",\"https:\\\/\\\/instagram.com\\\/endbright_official\",\"https:\\\/\\\/www.linkedin.com\\\/company\\\/35711317\"]}]}<\/script>\n<!-- \/ Yoast SEO plugin. -->","yoast_head_json":{"title":"My details | Endbright","description":"Logga in p\u00e5 Endbright - f\u00e5 full tillg\u00e5ng till alla v\u00e5ra tj\u00e4nster inom skilsm\u00e4ssa och separation.","robots":{"index":"noindex","follow":"nofollow"},"og_locale":"en_US","og_type":"article","og_title":"My details | Endbright","og_description":"Logga in p\u00e5 Endbright - f\u00e5 full tillg\u00e5ng till alla v\u00e5ra tj\u00e4nster inom skilsm\u00e4ssa och separation.","og_url":"https:\/\/endbright.se\/en\/my-profile\/my-details\/","og_site_name":"Endbright","article_publisher":"https:\/\/www.facebook.com\/endbrightservices\/","article_modified_time":"2023-02-16T15:50:11+00:00","twitter_card":"summary_large_image","twitter_misc":{"Est. reading time":"1 minute"},"schema":{"@context":"https:\/\/schema.org","@graph":[{"@type":"WebPage","@id":"https:\/\/endbright.se\/en\/my-profile\/my-details\/","url":"https:\/\/endbright.se\/en\/my-profile\/my-details\/","name":"My details | Endbright","isPartOf":{"@id":"https:\/\/endbright.se\/en\/#website"},"datePublished":"2021-10-28T18:50:55+00:00","dateModified":"2023-02-16T15:50:11+00:00","description":"Logga in p\u00e5 Endbright - f\u00e5 full tillg\u00e5ng till alla v\u00e5ra tj\u00e4nster inom skilsm\u00e4ssa och separation.","breadcrumb":{"@id":"https:\/\/endbright.se\/en\/my-profile\/my-details\/#breadcrumb"},"inLanguage":"en-US","potentialAction":[{"@type":"ReadAction","target":["https:\/\/endbright.se\/en\/my-profile\/my-details\/"]}]},{"@type":"BreadcrumbList","@id":"https:\/\/endbright.se\/en\/my-profile\/my-details\/#breadcrumb","itemListElement":[{"@type":"ListItem","position":1,"name":"Hem","item":"https:\/\/endbright.se\/en\/"},{"@type":"ListItem","position":2,"name":"My profile","item":"https:\/\/endbright.se\/en\/my-profile\/"},{"@type":"ListItem","position":3,"name":"My details"}]},{"@type":"WebSite","@id":"https:\/\/endbright.se\/en\/#website","url":"https:\/\/endbright.se\/en\/","name":"Endbright","description":"","publisher":{"@id":"https:\/\/endbright.se\/en\/#organization"},"potentialAction":[{"@type":"SearchAction","target":{"@type":"EntryPoint","urlTemplate":"https:\/\/endbright.se\/en\/?s={search_term_string}"},"query-input":{"@type":"PropertyValueSpecification","valueRequired":true,"valueName":"search_term_string"}}],"inLanguage":"en-US"},{"@type":"Organization","@id":"https:\/\/endbright.se\/en\/#organization","name":"Endbright","url":"https:\/\/endbright.se\/en\/","logo":{"@type":"ImageObject","inLanguage":"en-US","@id":"https:\/\/endbright.se\/en\/#\/schema\/logo\/image\/","url":"","contentUrl":"","caption":"Endbright"},"image":{"@id":"https:\/\/endbright.se\/en\/#\/schema\/logo\/image\/"},"sameAs":["https:\/\/www.facebook.com\/endbrightservices\/","https:\/\/instagram.com\/endbright_official","https:\/\/www.linkedin.com\/company\/35711317"]}]}},"_links":{"self":[{"href":"https:\/\/endbright.se\/en\/wp-json\/wp\/v2\/pages\/40696","targetHints":{"allow":["GET"]}}],"collection":[{"href":"https:\/\/endbright.se\/en\/wp-json\/wp\/v2\/pages"}],"about":[{"href":"https:\/\/endbright.se\/en\/wp-json\/wp\/v2\/types\/page"}],"author":[{"embeddable":true,"href":"https:\/\/endbright.se\/en\/wp-json\/wp\/v2\/users\/1"}],"replies":[{"embeddable":true,"href":"https:\/\/endbright.se\/en\/wp-json\/wp\/v2\/comments?post=40696"}],"version-history":[{"count":0,"href":"https:\/\/endbright.se\/en\/wp-json\/wp\/v2\/pages\/40696\/revisions"}],"up":[{"embeddable":true,"href":"https:\/\/endbright.se\/en\/wp-json\/wp\/v2\/pages\/40694"}],"wp:attachment":[{"href":"https:\/\/endbright.se\/en\/wp-json\/wp\/v2\/media?parent=40696"}],"curies":[{"name":"wp","href":"https:\/\/api.w.org\/{rel}","templated":true}]}}